{"id":5262,"date":"2026-03-25T13:25:18","date_gmt":"2026-03-25T13:25:18","guid":{"rendered":"https:\/\/valamulli.ee\/?post_type=product&#038;p=5262"},"modified":"2026-03-25T13:31:31","modified_gmt":"2026-03-25T13:31:31","slug":"aperitivo-neljapaev-02-04-2026","status":"publish","type":"product","link":"https:\/\/valamulli.ee\/en\/toode\/aperitivo-neljapaev-02-04-2026\/","title":{"rendered":"Tallinnas iga neljap\u00e4ev on aperitivo neljap\u00e4ev (02.04. kl 18.00-21.00) \/ aperitivo Thursdays in Tallinn (02.04. 18:00-21:00)"},"content":{"rendered":"<h1>02.04. Kevadine aperitivo Tallinna veinibaaris<\/h1>\n<p>Ciao! Kalendaarse kevade alguse puhul kutsume k\u00fclla!<\/p>\n<p>Aperitivo on kindlasti \u00fcks nendest asjadest, mida saaks itaallastelt ja hispaanlastelt (tapas) \u00fcle v\u00f5tta. Iga neljap\u00e4ev on n\u00fc\u00fcd aperitivo neljap\u00e4ev! K\u00f5ik on kutsutud Tallinna Koidu 108 vinoteeki, aga reserveerijad saavad parimad kohad endale!<\/p>\n<p>NB! Pilt on illustratiivne ning suupistete valik v\u00f5ib erineda, aga lubame j\u00e4tkata samas ilusas vaimus.<\/p>\n<p>18EUR eest saab: 1 klaas kihisevat v\u00f5i pokaal vaikset veini ja itaalia mekiga suupisteid + \u00fcks soe roog (tavaliselt pasta v\u00f5i risoto). Alkovaba variant on samuti variant!<br \/>\nIga j\u00e4rgmine jook hinnakirja j\u00e4rgi, suupisted ikka hinna sees ja laua peal.<br \/>\n\u00dcritus mulliealistele entusiastidele ilusas vanuses 20+<\/p>\n<h2>02.04. Aperitivo in Tallinn winebar spring edition<\/h2>\n<p>ENG<br \/>\nCiao! If calendars do not lie, we have spring coming! Everyone is invited to aperitivo!<\/p>\n<p>Aperitivo is one of those traditions what are worth stealing. From now on Thursday is officially an Aperitivo Thursday! Meet, chat, enjoy! Like italians do ;D Everyone is invited, but those who book a seat will get the best spot!<\/p>\n<p>NB! Picture is illustrative and selection of snacks may differ, but we promise to keep the mood up.<\/p>\n<p>18EUR fee includes: 1 glass of sparkling wine (or still wine of any colour) and Italy-inspired snacks + one main dish like pasta or risotto. Alcohol-free option is a solid option as well! All other drinks are by the menu, snacks still on the table.<br \/>\nEvent for people of sparkling age 20+<\/p>\n","protected":false},"excerpt":{"rendered":"<p>Valamulli vinoteek kutsub Aperitivole! \u00d5htused jutud ja ampsud Itaalia moodi, v\u00f5ta s\u00f5brad kaasa ja naudi aega omadega. Kohad on piiratud, palume istekohta eelnevalt broneerida v\u00f5i piletit osta.<\/p>\n<p>ENG: Aperitivo Italian way &#8211; every Thursday at Valamulli vinoteek! Take your besties with you and enjoy Estonian summer with Italian snacks. Please book a seat, buy a ticket or let us know when you are coming, because number of seats is limited.<\/p>\n","protected":false},"featured_media":4571,"template":"","meta":[],"product_brand":[45],"product_cat":[95],"product_tag":[44,36],"class_list":{"0":"post-5262","1":"product","2":"type-product","3":"status-publish","4":"has-post-thumbnail","6":"product_brand-valamulli-vinoteek","7":"product_cat-aperitivo-tallinn","8":"product_tag-aperitivo","9":"product_tag-pilet","10":"sales-flash-overlay","11":"woocommerce-text-align-center","12":"woocommerce-image-align-center","13":"do-quantity-buttons","14":"wc-has-gallery","16":"first","17":"instock","18":"virtual","19":"taxable","20":"purchasable","21":"product-type-simple"},"_links":{"self":[{"href":"https:\/\/valamulli.ee\/en\/wp-json\/wp\/v2\/product\/5262","targetHints":{"allow":["GET"]}}],"collection":[{"href":"https:\/\/valamulli.ee\/en\/wp-json\/wp\/v2\/product"}],"about":[{"href":"https:\/\/valamulli.ee\/en\/wp-json\/wp\/v2\/types\/product"}],"wp:featuredmedia":[{"embeddable":true,"href":"https:\/\/valamulli.ee\/en\/wp-json\/wp\/v2\/media\/4571"}],"wp:attachment":[{"href":"https:\/\/valamulli.ee\/en\/wp-json\/wp\/v2\/media?parent=5262"}],"wp:term":[{"taxonomy":"product_brand","embeddable":true,"href":"https:\/\/valamulli.ee\/en\/wp-json\/wp\/v2\/product_brand?post=5262"},{"taxonomy":"product_cat","embeddable":true,"href":"https:\/\/valamulli.ee\/en\/wp-json\/wp\/v2\/product_cat?post=5262"},{"taxonomy":"product_tag","embeddable":true,"href":"https:\/\/valamulli.ee\/en\/wp-json\/wp\/v2\/product_tag?post=5262"}],"curies":[{"name":"wp","href":"https:\/\/api.w.org\/{rel}","templated":true}]}}